{"id":2769,"date":"2025-07-27T13:15:25","date_gmt":"2025-07-27T13:15:25","guid":{"rendered":"https:\/\/darkslategrey-porpoise-466675.hostingersite.com\/?page_id=2769"},"modified":"2025-08-06T12:25:56","modified_gmt":"2025-08-06T12:25:56","slug":"home-2","status":"publish","type":"page","link":"https:\/\/ustto.uk\/tr\/","title":{"rendered":"Uluslararas\u0131 Sa\u011fl\u0131k Turizmi Dan\u0131\u015fmanl\u0131\u011f\u0131 \u2013 USTTO GLOBAL"},"content":{"rendered":"<div data-elementor-type=\"wp-page\" data-elementor-id=\"2769\" class=\"elementor elementor-2769\" data-elementor-post-type=\"page\">\n\t\t\t\t<div class=\"elementor-element elementor-element-68ffcbb2 e-flex e-con-boxed e-con e-parent\" data-id=\"68ffcbb2\" data-element_type=\"container\" data-e-type=\"container\">\n\t\t\t\t\t<div class=\"e-con-inner\">\n\t\t\t\t<div class=\"elementor-element elementor-element-5c8803ef elementor-widget elementor-widget-text-editor\" data-id=\"5c8803ef\" data-element_type=\"widget\" data-e-type=\"widget\" data-widget_type=\"text-editor.default\">\n\t\t\t\t\t\t\t\t\t\n<p><font _mstmutation=\"1\"><\/font><\/p>\n\n\n\n<p><font _mstmutation=\"1\"><\/font><\/p>\n\n\n\n<h3 class=\"wp-block-heading\"><font _mstmutation=\"1\" _msttexthash=\"8965164\" _msthash=\"811\"> <strong _mstmutation=\"1\" _istranslated=\"1\">Sa\u011fl\u0131k Turizmi Dan\u0131\u015fmanl\u0131\u011f\u0131<\/strong><\/font><\/h3>\n\n\n\n<p>USTTO GLOBAL provides strategic consulting for hospitals, clinics, and agencies operating in the health tourism sector.<\/p>\n\n\n\n<p>Hizmet kalitesinin iyile\u015ftirilmesi ve hasta memnuniyeti programlar\u0131<\/p>\n\n\n\n<p>Market analysis (UK, Europe, and Middle East target markets)<\/p>\n\n\n\n<p>Hospital\/clinic accreditation and international compliance<\/p>\n\n\n\n<p>Regulatory guidance and patient safety standards<\/p>\n\n\n\n<p><font _mstmutation=\"1\"><\/font><strong>Patient Referral &amp; Coordination<\/strong><\/p>\n\n\n\n<p>We ensure seamless patient referrals from the UK and Europe to top healthcare providers in Turkey.<\/p>\n\n\n\n<p>Communication and document management between patient and clinic<br>\ud83d\udca1 <em>Invoice Item: \u201cInternational Patient Referral &amp; Coordination Service\u201d<\/em><\/p>\n\n\n\n<p>Patient profile analysis and treatment planning<\/p>\n\n\n\n<p>Appointment scheduling and coordination<\/p>\n\n\n\n<p>Travel, accommodation, and logistics support<\/p>\n\n\n\n<p><font _mstmutation=\"1\"><\/font><strong>AI-Powered Digital Solutions<\/strong><\/p>\n\n\n\n<p>We offer customized digital solutions for healthcare providers to enhance efficiency and patient experience:<\/p>\n\n\n\n<ul class=\"wp-block-list\">\n<li>AI-driven patient\u2013clinic matching module<\/li>\n\n\n\n<li>Automated chatbot for patient support<\/li>\n\n\n\n<li>CRM integration for data management and marketing automation<\/li>\n\n\n\n<li>Advanced reporting and analytics tools<br>\ud83d\udca1 <em>Invoice Item: \u201cAI-Powered HealthTech Digital Solution &amp; Licensing\u201d<\/em><\/li>\n<\/ul>\n\n\n\n<hr class=\"wp-block-separator has-alpha-channel-opacity\"\/>\n\n\n\n<h3 class=\"wp-block-heading\"><font _mstmutation=\"1\" _msttexthash=\"9615658\" _msthash=\"962\"> <strong _mstmutation=\"1\" _istranslated=\"1\">Uluslararas\u0131 Pazarlama ve B\u00fcy\u00fcme Stratejileri<\/strong><\/font><\/h3>\n\n\n\n<p>Our team develops and implements strategies to expand healthcare providers\u2019 presence in international markets:<\/p>\n\n\n\n<ul class=\"wp-block-list\">\n<li>Global digital marketing campaigns (Google, Meta Ads)<\/li>\n\n\n\n<li>SEO and content marketing strategy<\/li>\n\n\n\n<li>Brand positioning in UK and EU markets<\/li>\n\n\n\n<li>Strategic partnerships and B2B networking<br>\ud83d\udca1 <em>Invoice Item: \u201cInternational Digital Marketing &amp; Brand Positioning Service\u201d<\/em><\/li>\n<\/ul>\n\n\n\n<hr class=\"wp-block-separator has-alpha-channel-opacity\"\/>\n\n\n\n<h3 class=\"wp-block-heading\"><font _mstmutation=\"1\" _msttexthash=\"8565206\" _msthash=\"956\"> <strong _mstmutation=\"1\" _istranslated=\"1\">E\u011fitim ve Uyumluluk Deste\u011fi<\/strong><\/font><\/h3>\n\n\n\n<p>Kliniklerin uluslararas\u0131 standartlara uyumunu art\u0131rmak i\u00e7in e\u011fitim programlar\u0131 sunuyoruz:<\/p>\n\n\n\n<p>Dijitalle\u015fme ve s\u00fcre\u00e7 optimizasyonu<\/p>\n\n\n\n<p>Sa\u011fl\u0131k turizmi personel e\u011fitimi<\/p>\n\n\n\n<p>Hasta haklar\u0131, GDPR uyumlulu\u011fu ve kalite y\u00f6netimi<\/p>\n\t\t\t\t\t\t\t\t<\/div>\n\t\t\t\t\t<\/div>\n\t\t\t\t<\/div>\n\t\t<div class=\"elementor-element elementor-element-a1b8f30 e-flex e-con-boxed e-con e-parent\" data-id=\"a1b8f30\" data-element_type=\"container\" data-e-type=\"container\">\n\t\t\t\t\t<div class=\"e-con-inner\">\n\t\t\t\t\t<\/div>\n\t\t\t\t<\/div>\n\t\t<div class=\"elementor-element elementor-element-14940fc e-flex e-con-boxed e-con e-parent\" data-id=\"14940fc\" data-element_type=\"container\" data-e-type=\"container\">\n\t\t\t\t\t<div class=\"e-con-inner\">\n\t\t\t\t<div class=\"elementor-element elementor-element-af66c0e elementor-widget elementor-widget-heading\" data-id=\"af66c0e\" data-element_type=\"widget\" data-e-type=\"widget\" data-widget_type=\"heading.default\">\n\t\t\t\t\t<h2 class=\"elementor-heading-title elementor-size-default\"><a href=\"\">Add Your Heading Text Here<\/a><\/h2>\t\t\t\t<\/div>\n\t\t\t\t\t<\/div>\n\t\t\t\t<\/div>\n\t\t<div class=\"elementor-element elementor-element-c2e7c4c e-flex e-con-boxed e-con e-parent\" data-id=\"c2e7c4c\" data-element_type=\"container\" data-e-type=\"container\">\n\t\t\t\t\t<div class=\"e-con-inner\">\n\t\t\t\t<div class=\"elementor-element elementor-element-4426be2 elementor-widget elementor-widget-heading\" data-id=\"4426be2\" data-element_type=\"widget\" data-e-type=\"widget\" data-widget_type=\"heading.default\">\n\t\t\t\t\t<h1 class=\"elementor-heading-title elementor-size-default\"><a href=\"\" target=\"_blank\" rel=\"nofollow\">\n<div class=\"wp-block-group alignfull has-light-gray-background-color has-background is-layout-flow wp-block-group-is-layout-flow\" style=\"padding-top:50px;padding-bottom:50px;text-align:center\">\n    <h1>Your Global Health Journey Starts Here<\/h1>\n    <p>Trusted healthcare tourism solutions, connecting you with the best clinics and hospitals worldwide.<\/p>\n    <a href=\"#contact\" style=\"background:#0073e6;color:white;padding:15px 30px;text-decoration:none;border-radius:5px\">Get a Free Consultation<\/a>\n<\/div>\n\n\n\n<div class=\"wp-block-group is-layout-flow wp-block-group-is-layout-flow\" style=\"padding-top:50px;padding-bottom:50px\">\n    <h2>About Us<\/h2>\n    <p>USTTO Global Consulting is an internationally certified health tourism company based in the UK and Turkey. With our TURSAB A-Class license and Ministry of Health authorization, we provide premium patient management, medical travel coordination, and international healthcare consultancy services. Our mission is to make world-class healthcare accessible, affordable, and stress-free for patients worldwide.<\/p>\n<\/div>\n\n\n\n<div class=\"wp-block-group has-very-light-gray-background-color has-background is-layout-flow wp-block-group-is-layout-flow\" style=\"padding-top:50px;padding-bottom:50px\">\n    <h2>Our Services<\/h2>\n    <ul>\n        <li><strong>Medical Tourism Coordination:<\/strong> Tailored treatment plans, Hospital and doctor selection, Visa &amp; travel assistance<\/li>\n        <li><strong>International Patient Management:<\/strong> 24\/7 patient support, Translation and interpretation services, Pre- and post-treatment follow-up<\/li>\n        <li><strong>Health Consultancy &amp; Partnerships:<\/strong> Global clinic network development, Strategic B2B collaborations, Investment &amp; market entry advisory<\/li>\n        <li><strong>Wellness &amp; Aesthetic Packages:<\/strong> Cosmetic surgeries &amp; dental treatments, Hair transplantation &amp; anti-aging therapies, Spa &amp; wellness retreats<\/li>\n    <\/ul>\n<\/div>\n\n\n\n<div class=\"wp-block-group is-layout-flow wp-block-group-is-layout-flow\" style=\"padding-top:50px;padding-bottom:50px\">\n    <h2>Why\n<\/a><\/h1>\t\t\t\t<\/div>\n\t\t\t\t\t<\/div>\n\t\t\t\t<\/div>\n\t\t<div class=\"elementor-element elementor-element-6c40bbc e-flex e-con-boxed e-con e-parent\" data-id=\"6c40bbc\" data-element_type=\"container\" data-e-type=\"container\">\n\t\t\t\t\t<div class=\"e-con-inner\">\n\t\t\t\t<div class=\"elementor-element elementor-element-6993b9b elementor-widget elementor-widget-heading\" data-id=\"6993b9b\" data-element_type=\"widget\" data-e-type=\"widget\" data-widget_type=\"heading.default\">\n\t\t\t\t\t<h2 class=\"elementor-heading-title elementor-size-default\"><!-- Ana Sayfa -->\n<section id=\"hero\">\n  <h1>Driving Global Growth Through Digital, Health &amp; Green Innovation<\/h1>\n  <p>USTTO Global Consulting Ltd, UK merkezli bir dan\u0131\u015fmanl\u0131k firmas\u0131d\u0131r. Dijital d\u00f6n\u00fc\u015f\u00fcm, sa\u011fl\u0131k turizmi stratejileri ve \u00e7evresel s\u00fcrd\u00fcr\u00fclebilirlik projelerinde inovatif \u00e7\u00f6z\u00fcmler sunuyoruz.<\/p>\n  <a href=\"#services\" class=\"btn\">Discover Our Services<\/a>\n<\/section>\n\n<!-- Hizmetler -->\n<section id=\"services\">\n  <h2>Our Services<\/h2>\n  <ul>\n    <li><strong>Digital Transformation &amp; AI Solutions<\/strong> \u2013 Yapay zeka destekli CRM, hasta y\u00f6nlendirme, web &amp; yaz\u0131l\u0131m projeleri, dijital pazarlama.<\/li>\n    <li><strong>Health Tourism Consulting<\/strong> \u2013 Uluslararas\u0131 hasta ak\u0131\u015f\u0131, klinik e\u015fle\u015ftirme, global partner network\u00fc, B2B seyahat &amp; sa\u011fl\u0131k entegrasyonu.<\/li>\n    <li><strong>Green &amp; Environmental Consulting (GreenClinic360)<\/strong> \u2013 Karbon ayak izi analizi, ye\u015fil sertifikasyon, Net Zero stratejileri.<\/li>\n    <li><strong>International Business Development<\/strong> \u2013 Global market entry, hibe fon dan\u0131\u015fmanl\u0131\u011f\u0131, i\u015fbirli\u011fi modelleri.<\/li>\n  <\/ul>\n<\/section>\n\n<!-- Projeler -->\n<section id=\"projects\">\n  <h2>Our Projects<\/h2>\n  <p><strong>GreenClinic360<\/strong> \u2013 Dijital karbon izleme ve ye\u015fil sa\u011fl\u0131k tesisleri d\u00f6n\u00fc\u015f\u00fcm\u00fc.<\/p>\n  <p><strong>AI-Health Bridge<\/strong> \u2013 Yapay zeka ile uluslararas\u0131 hasta y\u00f6nlendirme platformu.<\/p>\n  <p><strong>EcoMed Travel<\/strong> \u2013 S\u00fcrd\u00fcr\u00fclebilir sa\u011fl\u0131k turizmi operasyonlar\u0131.<\/p>\n<\/section>\n\n<!-- Hakk\u0131m\u0131zda -->\n<section id=\"about\">\n  <h2>About Us<\/h2>\n  <p><strong>Who We Are?<\/strong> USTTO Global Consulting Ltd, Londra merkezli olup sa\u011fl\u0131k, \u00e7evre ve dijital alanlarda yenilik\u00e7i projeler geli\u015ftiren bir dan\u0131\u015fmanl\u0131k \u015firketidir.<\/p>\n  <p><strong>Mission:<\/strong> Uluslararas\u0131 \u015firketlere s\u00fcrd\u00fcr\u00fclebilir b\u00fcy\u00fcme sa\u011flamak.<\/p>\n  <p><strong>Vision:<\/strong> Sa\u011fl\u0131k, dijital ve ye\u015fil teknolojilerde global lider olmak.<\/p>\n<\/section>\n\n<!-- Partnerler -->\n<section id=\"partners\">\n  <h2>Our Partners<\/h2>\n  <ul>\n    <li>USTTO Health (TR) \u2013 Sa\u011fl\u0131k turizmi operasyonlar\u0131<\/li>\n    <li>Umay Medikal (TR) \u2013 Medikal estetik \u00fcr\u00fcnleri ve e\u011fitim<\/li>\n    <li>GreenClinic360 Oy (Finlandiya) \u2013 \u00c7evresel projeler<\/li>\n    <li>Booking Health GmbH \u2013 Almanya sa\u011fl\u0131k a\u011f\u0131<\/li>\n  <\/ul>\n<\/section>\n\n<!-- \u0130leti\u015fim -->\n<section id=\"contact\">\n  <h2>Contact Us<\/h2>\n  <p><strong>Address:<\/strong> 20-22 Wenlock Road, London, N1 7GU<\/p>\n  <p><strong>Email:<\/strong> info@ustto.uk<\/p>\n  <p><strong>Phone:<\/strong> +44 (eklenecek)<\/p>\n  <div class=\"social\">\n    <a href=\"#\">LinkedIn<\/a> | <a href=\"#\">Instagram<\/a> | <a href=\"#\">Twitter<\/a>\n  <\/div>\n<\/section>\n\n<footer>\n  <p>\u00a9 2025 USTTO Global Consulting Ltd | Supported by UK &amp; EU Funding Programmes<\/p>\n<\/footer>\n<\/h2>\t\t\t\t<\/div>\n\t\t\t\t\t<\/div>\n\t\t\t\t<\/div>\n\t\t\t\t<\/div>","protected":false},"excerpt":{"rendered":"<p>Sa\u011fl\u0131k Turizmi Dan\u0131\u015fmanl\u0131\u011f\u0131 USTTO GLOBAL provides strategic consulting for hospitals, clinics, and agencies operating in the health tourism sector. Hizmet kalitesinin iyile\u015ftirilmesi ve hasta memnuniyeti programlar\u0131 Market analysis (UK, Europe, and Middle East target markets) Hospital\/clinic accreditation and international compliance Regulatory guidance and patient safety standards Patient Referral &amp; Coordination We ensure seamless patient referrals [&hellip;]<\/p>","protected":false},"author":1,"featured_media":0,"parent":0,"menu_order":0,"comment_status":"closed","ping_status":"closed","template":"","meta":{"_uag_custom_page_level_css":"","site-sidebar-layout":"default","site-content-layout":"","ast-site-content-layout":"default","site-content-style":"default","site-sidebar-style":"default","ast-global-header-display":"","ast-banner-title-visibility":"","ast-main-header-display":"","ast-hfb-above-header-display":"","ast-hfb-below-header-display":"","ast-hfb-mobile-header-display":"","site-post-title":"","ast-breadcrumbs-content":"","ast-featured-img":"","footer-sml-layout":"","ast-disable-related-posts":"","theme-transparent-header-meta":"","adv-header-id-meta":"","stick-header-meta":"","header-above-stick-meta":"","header-main-stick-meta":"","header-below-stick-meta":"","astra-migrate-meta-layouts":"set","ast-page-background-enabled":"default","ast-page-background-meta":{"desktop":{"background-color":"","background-image":"","background-repeat":"repeat","background-position":"center center","background-size":"auto","background-attachment":"scroll","background-type":"","background-media":"","overlay-type":"","overlay-color":"","overlay-opacity":"","overlay-gradient":""},"tablet":{"background-color":"","background-image":"","background-repeat":"repeat","background-position":"center center","background-size":"auto","background-attachment":"scroll","background-type":"","background-media":"","overlay-type":"","overlay-color":"","overlay-opacity":"","overlay-gradient":""},"mobile":{"background-color":"","background-image":"","background-repeat":"repeat","background-position":"center center","background-size":"auto","background-attachment":"scroll","background-type":"","background-media":"","overlay-type":"","overlay-color":"","overlay-opacity":"","overlay-gradient":""}},"ast-content-background-meta":{"desktop":{"background-color":"var(--ast-global-color-5)","background-image":"","background-repeat":"repeat","background-position":"center center","background-size":"auto","background-attachment":"scroll","background-type":"","background-media":"","overlay-type":"","overlay-color":"","overlay-opacity":"","overlay-gradient":""},"tablet":{"background-color":"var(--ast-global-color-5)","background-image":"","background-repeat":"repeat","background-position":"center center","background-size":"auto","background-attachment":"scroll","background-type":"","background-media":"","overlay-type":"","overlay-color":"","overlay-opacity":"","overlay-gradient":""},"mobile":{"background-color":"var(--ast-global-color-5)","background-image":"","background-repeat":"repeat","background-position":"center center","background-size":"auto","background-attachment":"scroll","background-type":"","background-media":"","overlay-type":"","overlay-color":"","overlay-opacity":"","overlay-gradient":""}},"footnotes":""},"class_list":["post-2769","page","type-page","status-publish","hentry"],"uagb_featured_image_src":{"full":false,"thumbnail":false,"medium":false,"medium_large":false,"large":false,"1536x1536":false,"2048x2048":false,"trp-custom-language-flag":false},"uagb_author_info":{"display_name":"yesilotfbmehmet87@gmail.com","author_link":"https:\/\/ustto.uk\/tr\/author\/yesilotfbmehmet87gmail-com\/"},"uagb_comment_info":0,"uagb_excerpt":"Sa\u011fl\u0131k Turizmi Dan\u0131\u015fmanl\u0131\u011f\u0131 USTTO GLOBAL provides strategic consulting for hospitals, clinics, and agencies operating in the health tourism sector. Hizmet kalitesinin iyile\u015ftirilmesi ve hasta memnuniyeti programlar\u0131 Market analysis (UK, Europe, and Middle East target markets) Hospital\/clinic accreditation and international compliance Regulatory guidance and patient safety standards Patient Referral &amp; Coordination We ensure seamless patient referrals&hellip;","_links":{"self":[{"href":"https:\/\/ustto.uk\/tr\/wp-json\/wp\/v2\/pages\/2769","targetHints":{"allow":["GET"]}}],"collection":[{"href":"https:\/\/ustto.uk\/tr\/wp-json\/wp\/v2\/pages"}],"about":[{"href":"https:\/\/ustto.uk\/tr\/wp-json\/wp\/v2\/types\/page"}],"author":[{"embeddable":true,"href":"https:\/\/ustto.uk\/tr\/wp-json\/wp\/v2\/users\/1"}],"replies":[{"embeddable":true,"href":"https:\/\/ustto.uk\/tr\/wp-json\/wp\/v2\/comments?post=2769"}],"version-history":[{"count":13,"href":"https:\/\/ustto.uk\/tr\/wp-json\/wp\/v2\/pages\/2769\/revisions"}],"predecessor-version":[{"id":2814,"href":"https:\/\/ustto.uk\/tr\/wp-json\/wp\/v2\/pages\/2769\/revisions\/2814"}],"wp:attachment":[{"href":"https:\/\/ustto.uk\/tr\/wp-json\/wp\/v2\/media?parent=2769"}],"curies":[{"name":"wp","href":"https:\/\/api.w.org\/{rel}","templated":true}]}}